{"id":535,"date":"2024-02-27T15:36:50","date_gmt":"2024-02-27T18:36:50","guid":{"rendered":"https:\/\/festadasnacoespiracicaba.com.br\/?page_id=535"},"modified":"2024-04-09T10:05:34","modified_gmt":"2024-04-09T13:05:34","slug":"voluntarios_backup","status":"publish","type":"page","link":"https:\/\/festadasnacoespiracicaba.com.br\/index.php\/voluntarios_backup\/","title":{"rendered":"voluntarios_backup"},"content":{"rendered":"\t\t<div data-elementor-type=\"wp-page\" data-elementor-id=\"535\" class=\"elementor elementor-535\">\n\t\t\t\t<div class=\"elementor-element elementor-element-2738f757 e-flex e-con-boxed wpr-particle-no wpr-jarallax-no wpr-parallax-no wpr-sticky-section-no e-con e-parent\" data-id=\"2738f757\" data-element_type=\"container\" data-core-v316-plus=\"true\">\n\t\t\t\t\t<div class=\"e-con-inner\">\n\t\t\t\t<div class=\"elementor-element elementor-element-143a500 elementor-widget elementor-widget-image\" data-id=\"143a500\" data-element_type=\"widget\" data-widget_type=\"image.default\">\n\t\t\t\t<div class=\"elementor-widget-container\">\n\t\t\t<style>\/*! elementor - v3.20.0 - 26-03-2024 *\/\n.elementor-widget-image{text-align:center}.elementor-widget-image a{display:inline-block}.elementor-widget-image a img[src$=\".svg\"]{width:48px}.elementor-widget-image img{vertical-align:middle;display:inline-block}<\/style>\t\t\t\t\t\t\t\t\t\t<img fetchpriority=\"high\" decoding=\"async\" width=\"1024\" height=\"597\" src=\"https:\/\/festadasnacoespiracicaba.com.br\/wp-content\/uploads\/2024\/04\/Banner-voluntarios-2024-1024x597.png\" class=\"attachment-large size-large wp-image-6200\" alt=\"\" srcset=\"https:\/\/festadasnacoespiracicaba.com.br\/wp-content\/uploads\/2024\/04\/Banner-voluntarios-2024-1024x597.png 1024w, https:\/\/festadasnacoespiracicaba.com.br\/wp-content\/uploads\/2024\/04\/Banner-voluntarios-2024-300x175.png 300w, https:\/\/festadasnacoespiracicaba.com.br\/wp-content\/uploads\/2024\/04\/Banner-voluntarios-2024-768x448.png 768w, https:\/\/festadasnacoespiracicaba.com.br\/wp-content\/uploads\/2024\/04\/Banner-voluntarios-2024.png 1200w\" sizes=\"(max-width: 1024px) 100vw, 1024px\" \/>\t\t\t\t\t\t\t\t\t\t\t\t\t<\/div>\n\t\t\t\t<\/div>\n\t\t\t\t<div class=\"elementor-element elementor-element-f3ae787 elementor-align-center elementor-widget elementor-widget-button\" data-id=\"f3ae787\" data-element_type=\"widget\" data-widget_type=\"button.default\">\n\t\t\t\t<div class=\"elementor-widget-container\">\n\t\t\t\t\t<div class=\"elementor-button-wrapper\">\n\t\t\t<a class=\"elementor-button elementor-button-link elementor-size-sm\" href=\"#\">\n\t\t\t\t\t\t<span class=\"elementor-button-content-wrapper\">\n\t\t\t\t\t\t<span class=\"elementor-button-text\">PREENCHA O FORMUL\u00c1RIO AQUI<\/span>\n\t\t<\/span>\n\t\t\t\t\t<\/a>\n\t\t<\/div>\n\t\t\t\t<\/div>\n\t\t\t\t<\/div>\n\t\t\t\t<div class=\"elementor-element elementor-element-1d69893f elementor-widget elementor-widget-text-editor\" data-id=\"1d69893f\" data-element_type=\"widget\" data-widget_type=\"text-editor.default\">\n\t\t\t\t<div class=\"elementor-widget-container\">\n\t\t\t<style>\/*! elementor - v3.20.0 - 26-03-2024 *\/\n.elementor-widget-text-editor.elementor-drop-cap-view-stacked .elementor-drop-cap{background-color:#69727d;color:#fff}.elementor-widget-text-editor.elementor-drop-cap-view-framed .elementor-drop-cap{color:#69727d;border:3px solid;background-color:transparent}.elementor-widget-text-editor:not(.elementor-drop-cap-view-default) .elementor-drop-cap{margin-top:8px}.elementor-widget-text-editor:not(.elementor-drop-cap-view-default) .elementor-drop-cap-letter{width:1em;height:1em}.elementor-widget-text-editor .elementor-drop-cap{float:left;text-align:center;line-height:1;font-size:50px}.elementor-widget-text-editor .elementor-drop-cap-letter{display:inline-block}<\/style>\t\t\t\t<p><!-- wp:paragraph --><\/p>\n<div class=\"elementor-element elementor-element-280b132 elementor-widget elementor-widget-theme-post-title elementor-page-title elementor-widget-heading\" data-id=\"280b132\" data-element_type=\"widget\" data-widget_type=\"theme-post-title.default\">\n<div class=\"elementor-widget-container\">\n<h1 class=\"elementor-heading-title elementor-size-default\">\u00a0Volunt\u00e1rios<\/h1>\n<div>\u00a0<\/div>\n<div>\u00a0<\/div>\n<div><span style=\"font-size: inherit; text-align: inherit; background-color: inherit; color: var(--theme-text-color); font-family: var(--theme-font-family); font-style: var(--theme-font-style, inherit); font-weight: var(--theme-font-weight); letter-spacing: var(--theme-letter-spacing); text-transform: var(--theme-text-transform);\">A presen\u00e7a de volunt\u00e1rios na Festa das Na\u00e7\u00f5es de Piracicaba \u00e9 essencial para garantir a efici\u00eancia e efic\u00e1cia do evento. Al\u00e9m disso, a participa\u00e7\u00e3o volunt\u00e1ria permite que a festa seja realizada com menor custo, o que resulta em uma arrecada\u00e7\u00e3o maior para as entidades filantr\u00f3picas envolvidas.<\/span><\/div>\n<\/div>\n<\/div>\n<div class=\"elementor-element elementor-element-ec4b623 elementor-widget elementor-widget-theme-post-content\" data-id=\"ec4b623\" data-element_type=\"widget\" data-widget_type=\"theme-post-content.default\">\n<div class=\"elementor-widget-container\">\n<p>Os volunt\u00e1rios t\u00eam uma variedade de tarefas durante a festa, incluindo a venda de ingressos, organiza\u00e7\u00e3o de alimentos e bebidas, entre outras atividades importantes. Sem a ajuda dos volunt\u00e1rios, seria imposs\u00edvel realizar todas essas tarefas com sucesso.<\/p>\n<p>Al\u00e9m disso, ser volunt\u00e1rio na Festa das Na\u00e7\u00f5es de Piracicaba \u00e9 uma oportunidade para os membros da comunidade se envolverem na organiza\u00e7\u00e3o de um evento importante para a cidade. Essa participa\u00e7\u00e3o pode ajudar a construir um senso de comunidade e cidadania, al\u00e9m de oferecer uma oportunidade para conhecer novas pessoas e aprender novas habilidades.<\/p>\n<p>Outro aspecto importante \u00e9 que a participa\u00e7\u00e3o como volunt\u00e1rio na Festa das Na\u00e7\u00f5es de Piracicaba pode ajudar a promover o voluntariado em geral. Ao ver os volunt\u00e1rios trabalhando e se envolvendo no evento, outras pessoas podem se inspirar a se voluntariar em outras causas ou eventos na comunidade.<\/p>\n<p>Se voc\u00ea deseja fazer parte do time de volunt\u00e1rios, h\u00e1 duas formas de se inscrever:<\/p>\n<ul>\n<li>voc\u00ea pode se candidatar diretamente com uma das entidades participantes ou;<\/li>\n<li>voc\u00ea pode se inscrever por meio da plataforma\u00a0<a href=\"http:\/\/pirasolidaria.com.br\/festadasnacoes\" target=\"_blank\" rel=\"noopener\">PiraSolid\u00e1ria<\/a>.<\/li>\n<\/ul>\n<p>Venha fazer parte dessa grande equipe de volunt\u00e1rios e contribua para o sucesso da Festa das Na\u00e7\u00f5es de Piracicaba!<\/p>\n<\/div>\n<\/div>\n<p><!-- \/wp:paragraph --><\/p>\t\t\t\t\t\t<\/div>\n\t\t\t\t<\/div>\n\t\t\t\t\t<\/div>\n\t\t\t\t<\/div>\n\t\t\t\t<\/div>\n\t\t","protected":false},"excerpt":{"rendered":"<p>PREENCHA O FORMUL\u00c1RIO AQUI \u00a0Volunt\u00e1rios \u00a0 \u00a0 A presen\u00e7a de volunt\u00e1rios na Festa das Na\u00e7\u00f5es de Piracicaba \u00e9 essencial para garantir a efici\u00eancia e efic\u00e1cia do evento. Al\u00e9m disso, a participa\u00e7\u00e3o volunt\u00e1ria permite que a festa seja realizada com menor custo, o que resulta em uma arrecada\u00e7\u00e3o maior para as entidades filantr\u00f3picas envolvidas. Os volunt\u00e1rios [&hellip;]<\/p>\n","protected":false},"author":1,"featured_media":0,"parent":0,"menu_order":0,"comment_status":"closed","ping_status":"closed","template":"","meta":{"footnotes":""},"blocksy_meta":[],"_links":{"self":[{"href":"https:\/\/festadasnacoespiracicaba.com.br\/index.php\/wp-json\/wp\/v2\/pages\/535"}],"collection":[{"href":"https:\/\/festadasnacoespiracicaba.com.br\/index.php\/wp-json\/wp\/v2\/pages"}],"about":[{"href":"https:\/\/festadasnacoespiracicaba.com.br\/index.php\/wp-json\/wp\/v2\/types\/page"}],"author":[{"embeddable":true,"href":"https:\/\/festadasnacoespiracicaba.com.br\/index.php\/wp-json\/wp\/v2\/users\/1"}],"replies":[{"embeddable":true,"href":"https:\/\/festadasnacoespiracicaba.com.br\/index.php\/wp-json\/wp\/v2\/comments?post=535"}],"version-history":[{"count":23,"href":"https:\/\/festadasnacoespiracicaba.com.br\/index.php\/wp-json\/wp\/v2\/pages\/535\/revisions"}],"predecessor-version":[{"id":6255,"href":"https:\/\/festadasnacoespiracicaba.com.br\/index.php\/wp-json\/wp\/v2\/pages\/535\/revisions\/6255"}],"wp:attachment":[{"href":"https:\/\/festadasnacoespiracicaba.com.br\/index.php\/wp-json\/wp\/v2\/media?parent=535"}],"curies":[{"name":"wp","href":"https:\/\/api.w.org\/{rel}","templated":true}]}}